{"id":4104,"date":"2022-06-16T16:57:14","date_gmt":"2022-06-16T19:57:14","guid":{"rendered":"https:\/\/ilbelvedere.com\/hotel2022\/promos\/"},"modified":"2022-08-10T19:17:46","modified_gmt":"2022-08-10T22:17:46","slug":"promos","status":"publish","type":"page","link":"https:\/\/ilbelvedere.com\/pt-br\/promos\/","title":{"rendered":"Promo\u00e7\u00f5es"},"content":{"rendered":"<div class=\"wpb-content-wrapper\"><p>[vc_row][vc_column]\n\t\t\t<!-- START Slider Promos REVOLUTION SLIDER 6.7.37 --><p class=\"rs-p-wp-fix\"><\/p>\n\t\t\t<rs-module-wrap id=\"hero_wrapper\" data-source=\"gallery\" style=\"visibility:hidden;background:transparent;padding:0;margin:0px auto;margin-top:0;margin-bottom:0;\">\n\t\t\t\t<rs-module id=\"hero\" style=\"\" data-version=\"6.7.37\">\n\t\t\t\t\t<rs-slides style=\"overflow: hidden; position: absolute;\">\n\t\t\t\t\t\t<rs-slide style=\"position: absolute;\" data-key=\"rs-35\" data-title=\"Slide\" data-thumb=\"\/\/ilbelvedere.com\/wp-content\/uploads\/2025\/06\/Fotos_IlBelvedere_Mayo2025-51-scaled-100x50.jpg\" data-anim=\"adpr:false;\" data-in=\"o:0;\" data-out=\"a:false;\">\n\t\t\t\t\t\t\t<img decoding=\"async\" src=\"\/\/ilbelvedere.com\/wp-content\/plugins\/revslider\/sr6\/assets\/assets\/dummy.png\" alt=\"\" title=\"Fotos_IlBelvedere_Mayo2025-51\" width=\"2560\" height=\"1707\" class=\"rev-slidebg tp-rs-img rs-lazyload\" data-lazyload=\"\/\/ilbelvedere.com\/wp-content\/uploads\/2025\/06\/Fotos_IlBelvedere_Mayo2025-51-scaled.jpg\" data-parallax=\"5\" data-no-retina>\n<!--\n\t\t\t\t\t\t\t--><rs-layer\n\t\t\t\t\t\t\t\tid=\"slider-28-slide-35-layer-0\" \n\t\t\t\t\t\t\t\tdata-type=\"text\"\n\t\t\t\t\t\t\t\tdata-rsp_ch=\"on\"\n\t\t\t\t\t\t\t\tdata-xy=\"xo:275px,240px,182px,112px;yo:617px,540px,410px,252px;\"\n\t\t\t\t\t\t\t\tdata-text=\"w:normal;s:25,21,15,9;l:31,27,20,12;\"\n\t\t\t\t\t\t\t\tdata-dim=\"w:589,515,391,241;\"\n\t\t\t\t\t\t\t\tdata-frame_999=\"o:0;st:w;\"\n\t\t\t\t\t\t\t\tstyle=\"z-index:5;font-family:'Roboto';\"\n\t\t\t\t\t\t\t>Descubr\u00ed los mejores y beneficios pensados para vos \n\t\t\t\t\t\t\t<\/rs-layer><!--\n\n\t\t\t\t\t\t\t--><rs-layer\n\t\t\t\t\t\t\t\tid=\"slider-28-slide-35-layer-2\" \n\t\t\t\t\t\t\t\tdata-type=\"text\"\n\t\t\t\t\t\t\t\tdata-color=\"#fff\"\n\t\t\t\t\t\t\t\tdata-rsp_ch=\"on\"\n\t\t\t\t\t\t\t\tdata-xy=\"xo:377px,329px,249px,153px;yo:519px,454px,344px,212px;\"\n\t\t\t\t\t\t\t\tdata-text=\"w:normal;s:54,47,35,21;l:67,58,44,27;fw:900;\"\n\t\t\t\t\t\t\t\tdata-dim=\"minh:0,none,none,none;\"\n\t\t\t\t\t\t\t\tdata-frame_999=\"o:0;st:w;\"\n\t\t\t\t\t\t\t\tstyle=\"z-index:6;font-family:'Roboto';text-transform:uppercase;\"\n\t\t\t\t\t\t\t>PROMOCIONES \n\t\t\t\t\t\t\t<\/rs-layer><!--\n-->\t\t\t\t\t<\/rs-slide>\n\t\t\t\t\t\t<rs-slide style=\"position: absolute;\" data-key=\"rs-84\" data-title=\"Slide\" data-thumb=\"\/\/ilbelvedere.com\/wp-content\/uploads\/2025\/06\/Fotos_IlBelvedere_Mayo2025-51-scaled-100x50.jpg\" data-anim=\"adpr:false;\" data-in=\"o:0;\" data-out=\"a:false;\">\n\t\t\t\t\t\t\t<img decoding=\"async\" src=\"\/\/ilbelvedere.com\/wp-content\/plugins\/revslider\/sr6\/assets\/assets\/dummy.png\" alt=\"\" title=\"Fotos_IlBelvedere_Mayo2025-51\" width=\"2560\" height=\"1707\" class=\"rev-slidebg tp-rs-img rs-lazyload\" data-lazyload=\"\/\/ilbelvedere.com\/wp-content\/uploads\/2025\/06\/Fotos_IlBelvedere_Mayo2025-51-scaled.jpg\" data-parallax=\"5\" data-no-retina>\n<!--\n\t\t\t\t\t\t\t--><rs-layer\n\t\t\t\t\t\t\t\tid=\"slider-28-slide-84-layer-0\" \n\t\t\t\t\t\t\t\tdata-type=\"text\"\n\t\t\t\t\t\t\t\tdata-rsp_ch=\"on\"\n\t\t\t\t\t\t\t\tdata-xy=\"xo:275px,240px,182px,112px;yo:617px,540px,410px,252px;\"\n\t\t\t\t\t\t\t\tdata-text=\"w:normal;s:25,21,15,9;l:31,27,20,12;\"\n\t\t\t\t\t\t\t\tdata-dim=\"w:589,515,391,241;\"\n\t\t\t\t\t\t\t\tdata-frame_999=\"o:0;st:w;\"\n\t\t\t\t\t\t\t\tstyle=\"z-index:5;font-family:'Roboto';\"\n\t\t\t\t\t\t\t>Descubr\u00ed los mejores y beneficios pensados para vos \n\t\t\t\t\t\t\t<\/rs-layer><!--\n\n\t\t\t\t\t\t\t--><rs-layer\n\t\t\t\t\t\t\t\tid=\"slider-28-slide-84-layer-2\" \n\t\t\t\t\t\t\t\tdata-type=\"text\"\n\t\t\t\t\t\t\t\tdata-color=\"#fff\"\n\t\t\t\t\t\t\t\tdata-rsp_ch=\"on\"\n\t\t\t\t\t\t\t\tdata-xy=\"xo:377px,329px,249px,153px;yo:519px,454px,344px,212px;\"\n\t\t\t\t\t\t\t\tdata-text=\"w:normal;s:54,47,35,21;l:67,58,44,27;fw:900;\"\n\t\t\t\t\t\t\t\tdata-dim=\"minh:0,none,none,none;\"\n\t\t\t\t\t\t\t\tdata-frame_999=\"o:0;st:w;\"\n\t\t\t\t\t\t\t\tstyle=\"z-index:6;font-family:'Roboto';text-transform:uppercase;\"\n\t\t\t\t\t\t\t>PROMOCIONES \n\t\t\t\t\t\t\t<\/rs-layer><!--\n-->\t\t\t\t\t<\/rs-slide>\n\t\t\t\t\t<\/rs-slides>\n\t\t\t\t<\/rs-module>\n\t\t\t\t<script>\n\t\t\t\t\tsetREVStartSize({c: 'hero',rl:[1240,1024,778,480],el:[800,768,960,485],gw:[1170,1024,778,480],gh:[800,768,960,485],type:'standard',justify:'',layout:'fullwidth',mh:\"0\"});if (window.RS_MODULES!==undefined && window.RS_MODULES.modules!==undefined && window.RS_MODULES.modules[\"hero\"]!==undefined) {window.RS_MODULES.modules[\"hero\"].once = false;window.revapi28 = undefined;if (window.RS_MODULES.checkMinimal!==undefined) window.RS_MODULES.checkMinimal()}\n\t\t\t\t<\/script>\n\t\t\t<\/rs-module-wrap>\n\t\t\t<!-- END REVOLUTION SLIDER -->\n[\/vc_column][\/vc_row][vc_row][vc_column][vc_empty_space height=&#8221;50px&#8221;][\/vc_column][\/vc_row][vc_row][vc_column]\t\t\t<div\r\n\t\t\t\tclass=\"main_title  text-center  \">\r\n\t\t\t\t<h2 class=\"title\">Promo\u00e7\u00f5es<\/h2>\r\n\t\t\t\t\t\t\t<\/div>\r\n\t\t[\/vc_column][\/vc_row][vc_row el_class=&#8221;no-comments&#8221;][vc_column]\r\n        <div class=\"latest-posts-grid\">\r\n            <div class=\"row grid-row\">\r\n                                                                          <!-- ITEM -->\r\n                    <div class=\"col-md-4 col-sm-4\">\r\n                        <article class=\"news-grid-item\">\r\n                          <figure class=\"gradient-overlay slide-right-hover\">\r\n                              <a href=\"https:\/\/ilbelvedere.com\/pt-br\/um-novo-espaco-para-voce-aproveitar-durante-todo-o-ano\/\"><img decoding=\"async\" src=\"https:\/\/ilbelvedere.com\/wp-content\/uploads\/2025\/09\/Fotos_IlBelvedere_GymPiletaClimatizada_Nov2025-26-1-720x520.jpg\" class=\"img-responsive\" alt=\"Um novo espa\u00e7o para voc\u00ea aproveitar durante todo o ano\"><\/a>\r\n                          <\/figure>\r\n                          <div class=\"details\">\r\n                              <h3><a href=\"https:\/\/ilbelvedere.com\/pt-br\/um-novo-espaco-para-voce-aproveitar-durante-todo-o-ano\/\">Um novo espa\u00e7o para voc\u00ea aproveitar durante todo o ano<\/a><\/h3>\r\n                              <p>No Il Belvedere, acreditamos que o descanso n\u00e3o depende do calend\u00e1rio ou do clima. \u00c9...<\/p>\r\n                              <!-- <a href=\"https:\/\/ilbelvedere.com\/pt-br\/um-novo-espaco-para-voce-aproveitar-durante-todo-o-ano\/\" class=\"button btn_xs btn_blue\">Read More<\/a> -->\r\n                              <div class=\"info\">\r\n                                  <a href=\"https:\/\/ilbelvedere.com\/pt-br\/author\/\">\r\n                                    <img decoding=\"async\" class=\"author-avatar\" src=\"https:\/\/secure.gravatar.com\/avatar\/475762d08168e95212168f99187e895a51f8d22d40e9e8e7d9071fe7b4c5d359?s=13&#038;d=mm&#038;r=g\" alt=\"Rodolfo\">Rodolfo                                  <\/a>\r\n                                  <i class=\"las la-clock\"><\/i><a href=\"https:\/\/ilbelvedere.com\/pt-br\/2026\/04\/26\/\">17\/09\/2025<\/a>\r\n                                  <i class=\"las la-comments\"><\/i><a href=\"https:\/\/ilbelvedere.com\/pt-br\/um-novo-espaco-para-voce-aproveitar-durante-todo-o-ano\/\">0 Comments<\/a>\r\n                              <\/div>\r\n                          <\/div>\r\n                        <\/article>\r\n                    <\/div>\r\n                                                                                          <!-- ITEM -->\r\n                    <div class=\"col-md-4 col-sm-4\">\r\n                        <article class=\"news-grid-item\">\r\n                          <figure class=\"gradient-overlay slide-right-hover\">\r\n                              <a href=\"https:\/\/ilbelvedere.com\/pt-br\/beneficios-em-nosso-restaurante-com-a-itau\/\"><img decoding=\"async\" src=\"https:\/\/ilbelvedere.com\/wp-content\/uploads\/2025\/01\/Fotos_IlBelvedere_TeamBuilding_Nov2022-117-720x520.jpg\" class=\"img-responsive\" alt=\"Benef\u00edcios da ITAU no RESTAURANTE\"><\/a>\r\n                          <\/figure>\r\n                          <div class=\"details\">\r\n                              <h3><a href=\"https:\/\/ilbelvedere.com\/pt-br\/beneficios-em-nosso-restaurante-com-a-itau\/\">Benef\u00edcios da ITAU no RESTAURANTE<\/a><\/h3>\r\n                              <p>Estamos esperando por voc\u00ea todos os dias, das 12h30 \u00e0s 22h30, em nosso restaurante de...<\/p>\r\n                              <!-- <a href=\"https:\/\/ilbelvedere.com\/pt-br\/beneficios-em-nosso-restaurante-com-a-itau\/\" class=\"button btn_xs btn_blue\">Read More<\/a> -->\r\n                              <div class=\"info\">\r\n                                  <a href=\"https:\/\/ilbelvedere.com\/pt-br\/author\/\">\r\n                                    <img decoding=\"async\" class=\"author-avatar\" src=\"https:\/\/secure.gravatar.com\/avatar\/475762d08168e95212168f99187e895a51f8d22d40e9e8e7d9071fe7b4c5d359?s=13&#038;d=mm&#038;r=g\" alt=\"Rodolfo\">Rodolfo                                  <\/a>\r\n                                  <i class=\"las la-clock\"><\/i><a href=\"https:\/\/ilbelvedere.com\/pt-br\/2026\/04\/26\/\">20\/03\/2024<\/a>\r\n                                  <i class=\"las la-comments\"><\/i><a href=\"https:\/\/ilbelvedere.com\/pt-br\/beneficios-em-nosso-restaurante-com-a-itau\/\">0 Comments<\/a>\r\n                              <\/div>\r\n                          <\/div>\r\n                        <\/article>\r\n                    <\/div>\r\n                                                                                          <!-- ITEM -->\r\n                    <div class=\"col-md-4 col-sm-4\">\r\n                        <article class=\"news-grid-item\">\r\n                          <figure class=\"gradient-overlay slide-right-hover\">\r\n                              <a href=\"https:\/\/ilbelvedere.com\/pt-br\/reduza-as-suas-milhas-para-uma-estadia-em-il-belvedere\/\"><img decoding=\"async\" src=\"https:\/\/ilbelvedere.com\/wp-content\/uploads\/2025\/01\/Fotos_IlBlevedere_Nov2024-259-720x520.jpg\" class=\"img-responsive\" alt=\"Instala\u00e7\u00f5es e servi\u00e7os do Il Belvedere\"><\/a>\r\n                          <\/figure>\r\n                          <div class=\"details\">\r\n                              <h3><a href=\"https:\/\/ilbelvedere.com\/pt-br\/reduza-as-suas-milhas-para-uma-estadia-em-il-belvedere\/\">Instala\u00e7\u00f5es e servi\u00e7os do Il Belvedere<\/a><\/h3>\r\n                              <p>Desfrute de uma estadia inesquec\u00edvel No Il Belvedere, oferecemos a voc\u00ea uma variedade de servi\u00e7os...<\/p>\r\n                              <!-- <a href=\"https:\/\/ilbelvedere.com\/pt-br\/reduza-as-suas-milhas-para-uma-estadia-em-il-belvedere\/\" class=\"button btn_xs btn_blue\">Read More<\/a> -->\r\n                              <div class=\"info\">\r\n                                  <a href=\"https:\/\/ilbelvedere.com\/pt-br\/author\/\">\r\n                                    <img decoding=\"async\" class=\"author-avatar\" src=\"https:\/\/secure.gravatar.com\/avatar\/475762d08168e95212168f99187e895a51f8d22d40e9e8e7d9071fe7b4c5d359?s=13&#038;d=mm&#038;r=g\" alt=\"Rodolfo\">Rodolfo                                  <\/a>\r\n                                  <i class=\"las la-clock\"><\/i><a href=\"https:\/\/ilbelvedere.com\/pt-br\/2026\/04\/26\/\">16\/01\/2024<\/a>\r\n                                  <i class=\"las la-comments\"><\/i><a href=\"https:\/\/ilbelvedere.com\/pt-br\/reduza-as-suas-milhas-para-uma-estadia-em-il-belvedere\/\">0 Comments<\/a>\r\n                              <\/div>\r\n                          <\/div>\r\n                        <\/article>\r\n                    <\/div>\r\n                                                            <\/div>\r\n\r\n          <\/div>\r\n\r\n        [\/vc_column][\/vc_row][vc_row][vc_column][vc_empty_space height=&#8221;70px&#8221;][\/vc_column][\/vc_row][vc_row][vc_column][vc_raw_js]JTNDc2NyaXB0JTNFJTBBJTIwJTIwJTIwJTIwalF1ZXJ5JTI4ZG9jdW1lbnQlMjkucmVhZHklMjhmdW5jdGlvbiUyMCUyOCUyNCUyOSUyMCU3QiUwQXZhciUyMGVsZW1lbnRzJTIwJTNEJTIwJTI0JTI4JTI3Lm5vLWNvbW1lbnRzJTI3JTI5LmZpbmQlMjglMjcuaW5mbyUyNyUyOS5maW5kJTI4JTI3LmxhLWNvbW1lbnRzJTI3JTI5JTBBJTIwJTIwJTIwJTIwJTI0LmVhY2glMjhlbGVtZW50cyUyQyUyMGZ1bmN0aW9uJTIwJTI4JTI5JTIwJTdCJTBBJTIwJTIwJTIwJTIwJTIwJTIwJTIwJTIwJTI0JTI4dGhpcyUyOS5oaWRlJTI4JTI5JTNCJTBBJTIwJTIwJTIwJTIwJTIwJTIwJTIwJTIwJTI0JTI4dGhpcyUyOS5uZXh0JTI4JTI5LmhpZGUlMjglMjklM0IlMEElMjAlMjAlMjAlMjAlN0QlMjklM0IlMEElN0QlMjklM0IlMjAlMEElMjAlM0MlMkZzY3JpcHQlM0U=[\/vc_raw_js][\/vc_column][\/vc_row]<\/p>\n<\/div>","protected":false},"excerpt":{"rendered":"<p>[vc_row][vc_column][\/vc_column][\/vc_row][vc_row][vc_column][vc_empty_space height=&#8221;50px&#8221;][\/vc_column][\/vc_row][vc_row][vc_column][\/vc_column][\/vc_row][vc_row el_class=&#8221;no-comments&#8221;][vc_column][\/vc_column][\/vc_row][vc_row][vc_column][vc_empty_space height=&#8221;70px&#8221;][\/vc_column][\/vc_row][vc_row][vc_column][vc_raw_js]JTNDc2NyaXB0JTNFJTBBJTIwJTIwJTIwJTIwalF1ZXJ5JTI4ZG9jdW1lbnQlMjkucmVhZHklMjhmdW5jdGlvbiUyMCUyOCUyNCUyOSUyMCU3QiUwQXZhciUyMGVsZW1lbnRzJTIwJTNEJTIwJTI0JTI4JTI3Lm5vLWNvbW1lbnRzJTI3JTI5LmZpbmQlMjglMjcuaW5mbyUyNyUyOS5maW5kJTI4JTI3LmxhLWNvbW1lbnRzJTI3JTI5JTBBJTIwJTIwJTIwJTIwJTI0LmVhY2glMjhlbGVtZW50cyUyQyUyMGZ1bmN0aW9uJTIwJTI4JTI5JTIwJTdCJTBBJTIwJTIwJTIwJTIwJTIwJTIwJTIwJTIwJTI0JTI4dGhpcyUyOS5oaWRlJTI4JTI5JTNCJTBBJTIwJTIwJTIwJTIwJTIwJTIwJTIwJTIwJTI0JTI4dGhpcyUyOS5uZXh0JTI4JTI5LmhpZGUlMjglMjklM0IlMEElMjAlMjAlMjAlMjAlN0QlMjklM0IlMEElN0QlMjklM0IlMjAlMEElMjAlM0MlMkZzY3JpcHQlM0U=[\/vc_raw_js][\/vc_column][\/vc_row]<\/p>\n","protected":false},"author":1,"featured_media":0,"parent":0,"menu_order":0,"comment_status":"closed","ping_status":"closed","template":"","meta":{"_monsterinsights_skip_tracking":false,"_monsterinsights_sitenote_active":false,"_monsterinsights_sitenote_note":"","_monsterinsights_sitenote_category":0,"_joinchat":[],"footnotes":""},"class_list":["post-4104","page","type-page","status-publish","hentry"],"aioseo_notices":[],"_links":{"self":[{"href":"https:\/\/ilbelvedere.com\/pt-br\/wp-json\/wp\/v2\/pages\/4104","targetHints":{"allow":["GET"]}}],"collection":[{"href":"https:\/\/ilbelvedere.com\/pt-br\/wp-json\/wp\/v2\/pages"}],"about":[{"href":"https:\/\/ilbelvedere.com\/pt-br\/wp-json\/wp\/v2\/types\/page"}],"author":[{"embeddable":true,"href":"https:\/\/ilbelvedere.com\/pt-br\/wp-json\/wp\/v2\/users\/1"}],"replies":[{"embeddable":true,"href":"https:\/\/ilbelvedere.com\/pt-br\/wp-json\/wp\/v2\/comments?post=4104"}],"version-history":[{"count":10,"href":"https:\/\/ilbelvedere.com\/pt-br\/wp-json\/wp\/v2\/pages\/4104\/revisions"}],"predecessor-version":[{"id":5337,"href":"https:\/\/ilbelvedere.com\/pt-br\/wp-json\/wp\/v2\/pages\/4104\/revisions\/5337"}],"wp:attachment":[{"href":"https:\/\/ilbelvedere.com\/pt-br\/wp-json\/wp\/v2\/media?parent=4104"}],"curies":[{"name":"wp","href":"https:\/\/api.w.org\/{rel}","templated":true}]}}