{"id":4125,"date":"2022-06-20T17:57:08","date_gmt":"2022-06-20T20:57:08","guid":{"rendered":"https:\/\/ilbelvedere.com\/hotel2022\/quem-somos-nos\/"},"modified":"2025-12-01T20:09:18","modified_gmt":"2025-12-01T23:09:18","slug":"quem-somos-nos","status":"publish","type":"page","link":"https:\/\/ilbelvedere.com\/pt-br\/quem-somos-nos\/","title":{"rendered":"Quem somos n\u00f3s"},"content":{"rendered":"<div class=\"wpb-content-wrapper\"><p>[vc_row][vc_column]\n\t\t\t<!-- START Slider Quienes Somos REVOLUTION SLIDER 6.7.37 --><p class=\"rs-p-wp-fix\"><\/p>\n\t\t\t<rs-module-wrap id=\"hero_wrapper\" data-source=\"gallery\" style=\"visibility:hidden;background:transparent;padding:0;margin:0px auto;margin-top:0;margin-bottom:0;\">\n\t\t\t\t<rs-module id=\"hero\" style=\"\" data-version=\"6.7.37\">\n\t\t\t\t\t<rs-slides style=\"overflow: hidden; position: absolute;\">\n\t\t\t\t\t\t<rs-slide style=\"position: absolute;\" data-key=\"rs-33\" data-title=\"Slide\" data-anim=\"adpr:false;\" data-in=\"o:0;\" data-out=\"a:false;\">\n\t\t\t\t\t\t\t<img decoding=\"async\" src=\"\/\/ilbelvedere.com\/wp-content\/plugins\/revslider\/sr6\/assets\/assets\/dummy.png\" alt=\"\" title=\"Fotos_IlBelvedere_Amenities_Sept2022-255\" width=\"2560\" height=\"1707\" class=\"rev-slidebg tp-rs-img rs-lazyload\" data-lazyload=\"\/\/ilbelvedere.com\/wp-content\/uploads\/2023\/02\/Fotos_IlBelvedere_Amenities_Sept2022-255-scaled.jpg\" data-parallax=\"5\" data-no-retina>\n<!--\n\t\t\t\t\t\t\t--><rs-layer\n\t\t\t\t\t\t\t\tid=\"slider-26-slide-33-layer-1\" \n\t\t\t\t\t\t\t\tdata-type=\"text\"\n\t\t\t\t\t\t\t\tdata-rsp_ch=\"on\"\n\t\t\t\t\t\t\t\tdata-xy=\"x:c;xo:-5px,-5px,0,0;yo:320px,320px,320px,230px;\"\n\t\t\t\t\t\t\t\tdata-text=\"s:60,60,40,30;l:80,80,60,60;fw:900,900,700,700;a:inherit;\"\n\t\t\t\t\t\t\t\tdata-vbility=\"f,f,f,f\"\n\t\t\t\t\t\t\t\tdata-frame_0=\"y:-100%;o:1;\"\n\t\t\t\t\t\t\t\tdata-frame_0_mask=\"u:t;\"\n\t\t\t\t\t\t\t\tdata-frame_1=\"st:500;sp:1500;sR:500;\"\n\t\t\t\t\t\t\t\tdata-frame_1_mask=\"u:t;\"\n\t\t\t\t\t\t\t\tdata-frame_999=\"o:0;st:w;sR:7000;\"\n\t\t\t\t\t\t\t\tstyle=\"z-index:5;font-family:'Roboto';\"\n\t\t\t\t\t\t\t>QUI\u00c9NES SOMOS \n\t\t\t\t\t\t\t<\/rs-layer><!--\n-->\t\t\t\t\t<\/rs-slide>\n\t\t\t\t\t<\/rs-slides>\n\t\t\t\t<\/rs-module>\n\t\t\t\t<script>\n\t\t\t\t\tsetREVStartSize({c: 'hero',rl:[1240,1024,778,480],el:[800,768,960,485],gw:[1170,1024,778,480],gh:[800,768,960,485],type:'standard',justify:'',layout:'fullwidth',mh:\"0\"});if (window.RS_MODULES!==undefined && window.RS_MODULES.modules!==undefined && window.RS_MODULES.modules[\"hero\"]!==undefined) {window.RS_MODULES.modules[\"hero\"].once = false;window.revapi26 = undefined;if (window.RS_MODULES.checkMinimal!==undefined) window.RS_MODULES.checkMinimal()}\n\t\t\t\t<\/script>\n\t\t\t<\/rs-module-wrap>\n\t\t\t<!-- END REVOLUTION SLIDER -->\n[\/vc_column][\/vc_row][vc_row][vc_column][vc_empty_space height=&#8221;50px&#8221;][\/vc_column][\/vc_row][vc_row][vc_column][vc_custom_heading text=&#8221;Quem somos n\u00f3s&#8221; font_container=&#8221;tag:h2|text_align:center|color:%23759981&#8243; use_theme_fonts=&#8221;yes&#8221;][vc_empty_space][\/vc_column][\/vc_row][vc_row full_width=&#8221;stretch_row&#8221; css=&#8221;.vc_custom_1531729276201{padding-bottom: 80px !important;}&#8221;][vc_column width=&#8221;1\/2&#8243; el_class=&#8221;texto-principal&#8221;][vc_empty_space height=&#8221;0px&#8221;][vc_column_text]<\/p>\n<p style=\"text-align: justify;\">Somos uma empresa familiar que come\u00e7ou em 2003. Giulio Rolandi, o fundador, adquire a terra com admira\u00e7\u00e3o pela sua natureza e vista para o mar. Em contraste com a tend\u00eancia do mercado de criar propriedades horizontais para venda, juntamente com os arquitectos Manuel Net e Graciela Jousse decidiram construir um miradouro com vista para o mar e um ref\u00fagio da natureza.<\/p>\n<p style=\"text-align: justify;\">\nO Hotel Il Belvedere foi inaugurado em dezembro de 2005 com a miss\u00e3o de receber nossos h\u00f3spedes com cordialidade e familiaridade, buscando oferecer um servi\u00e7o de alta qualidade, honesto e nobre com o meio ambiente. As cabanas e bangal\u00f4s foram criados em harmonia com o meio ambiente, mantendo a privacidade e independ\u00eancia entre as unidades para que nossos h\u00f3spedes possam desfrutar de uma estadia em contato com a floresta, o mar e toda a natureza que nos cerca.<\/p>\n<p>[\/vc_column_text][\/vc_column][vc_column width=&#8221;1\/2&#8243;]\n\t\t\t<!-- START Qui\u00e9nes Somos REVOLUTION SLIDER 6.7.37 --><p class=\"rs-p-wp-fix\"><\/p>\n\t\t\t<rs-module-wrap id=\"rev_slider_16_2_wrapper\" data-source=\"post\" style=\"visibility:hidden;background:transparent;padding:0;margin:0px auto;margin-top:0;margin-bottom:0;\">\n\t\t\t\t<rs-module id=\"rev_slider_16_2\" style=\"\" data-version=\"6.7.37\">\n\t\t\t\t\t<rs-slides style=\"overflow: hidden; position: absolute;\">\n\t\t\t\t\t\t<rs-slide style=\"position: absolute;\" data-key=\"rs-4415\" data-title=\"Sobre n\u00f3s Slide 2\" data-thumb=\"\/\/ilbelvedere.com\/wp-content\/uploads\/2022\/06\/slide-somos-2-100x50.jpg\" data-anim=\"adpr:false;\" data-in=\"o:0;\" data-out=\"a:false;\">\n\t\t\t\t\t\t\t<img decoding=\"async\" src=\"\/\/ilbelvedere.com\/wp-content\/plugins\/revslider\/sr6\/assets\/assets\/dummy.png\" alt=\"\" title=\"slide-somos-2\" width=\"910\" height=\"574\" class=\"rev-slidebg tp-rs-img rs-lazyload\" data-lazyload=\"\/\/ilbelvedere.com\/wp-content\/uploads\/2022\/06\/slide-somos-2.jpg\" data-no-retina>\n<!---->\t\t\t\t\t<\/rs-slide>\n\t\t\t\t\t\t<rs-slide style=\"position: absolute;\" data-key=\"rs-4427\" data-title=\"Sobre n\u00f3s Slide 3\" data-thumb=\"\/\/ilbelvedere.com\/wp-content\/uploads\/2022\/06\/slide-somos-3-1-100x50.jpg\" data-anim=\"adpr:false;\" data-in=\"o:0;\" data-out=\"a:false;\">\n\t\t\t\t\t\t\t<img decoding=\"async\" src=\"\/\/ilbelvedere.com\/wp-content\/plugins\/revslider\/sr6\/assets\/assets\/dummy.png\" alt=\"\" title=\"slide-somos-3-1\" width=\"910\" height=\"574\" class=\"rev-slidebg tp-rs-img rs-lazyload\" data-lazyload=\"\/\/ilbelvedere.com\/wp-content\/uploads\/2022\/06\/slide-somos-3-1.jpg\" data-no-retina>\n<!---->\t\t\t\t\t<\/rs-slide>\n\t\t\t\t\t\t<rs-slide style=\"position: absolute;\" data-key=\"rs-4428\" data-title=\"Sobre n\u00f3s Slide 1\" data-thumb=\"\/\/ilbelvedere.com\/wp-content\/uploads\/2022\/06\/slide-somos-1-2-100x50.jpg\" data-anim=\"adpr:false;\" data-in=\"o:0;\" data-out=\"a:false;\">\n\t\t\t\t\t\t\t<img decoding=\"async\" src=\"\/\/ilbelvedere.com\/wp-content\/plugins\/revslider\/sr6\/assets\/assets\/dummy.png\" alt=\"\" title=\"slide-somos-1-2\" width=\"956\" height=\"510\" class=\"rev-slidebg tp-rs-img rs-lazyload\" data-lazyload=\"\/\/ilbelvedere.com\/wp-content\/uploads\/2022\/06\/slide-somos-1-2.jpg\" data-no-retina>\n<!---->\t\t\t\t\t<\/rs-slide>\n\t\t\t\t\t\t<rs-slide style=\"position: absolute;\" data-key=\"rs-4431\" data-title=\"Sobre n\u00f3s Slide 4\" data-thumb=\"\/\/ilbelvedere.com\/wp-content\/uploads\/2022\/06\/slide-somos-4-100x50.jpg\" data-anim=\"adpr:false;\" data-in=\"o:0;\" data-out=\"a:false;\">\n\t\t\t\t\t\t\t<img decoding=\"async\" src=\"\/\/ilbelvedere.com\/wp-content\/plugins\/revslider\/sr6\/assets\/assets\/dummy.png\" alt=\"\" title=\"slide-somos-4\" width=\"910\" height=\"574\" class=\"rev-slidebg tp-rs-img rs-lazyload\" data-lazyload=\"\/\/ilbelvedere.com\/wp-content\/uploads\/2022\/06\/slide-somos-4.jpg\" data-no-retina>\n<!---->\t\t\t\t\t<\/rs-slide>\n\t\t\t\t\t<\/rs-slides>\n\t\t\t\t<\/rs-module>\n\t\t\t\t<script>\n\t\t\t\t\tsetREVStartSize({c: 'rev_slider_16_2',rl:[1240,1024,778,480],el:[700],gw:[1170],gh:[700],type:'carousel',justify:'',layout:'fullwidth',mh:\"0\"});if (window.RS_MODULES!==undefined && window.RS_MODULES.modules!==undefined && window.RS_MODULES.modules[\"revslider162\"]!==undefined) {window.RS_MODULES.modules[\"revslider162\"].once = false;window.revapi16 = undefined;if (window.RS_MODULES.checkMinimal!==undefined) window.RS_MODULES.checkMinimal()}\n\t\t\t\t<\/script>\n\t\t\t<\/rs-module-wrap>\n\t\t\t<!-- END REVOLUTION SLIDER -->\n[\/vc_column][\/vc_row][vc_row full_width=&#8221;stretch_row&#8221; css=&#8221;.vc_custom_1531729276201{padding-bottom: 80px !important;}&#8221;][vc_column width=&#8221;1\/2&#8243; el_class=&#8221;imagen-2-mobile&#8221;][vc_empty_space height=&#8221;15px&#8221;][vc_single_image image=&#8221;8575&#8243; img_size=&#8221;full&#8221; alignment=&#8221;center&#8221; style=&#8221;vc_box_shadow_3d&#8221; css=&#8221;&#8221; el_class=&#8221;imagen-2-mobile&#8221;][\/vc_column][vc_column width=&#8221;1\/2&#8243;][vc_column_text css=&#8221;.vc_custom_1682886578001{margin-left: -20px !important;padding-left: 20px !important;}&#8221; el_class=&#8221;texto-abajo&#8221;]<\/p>\n<p style=\"text-align: justify;\">Cada esta\u00e7\u00e3o oferece algo diferente. Durante o Ver\u00e3o, estamos a poucos passos da praia Brava, onde o nosso pessoal o receber\u00e1 com guarda-chuvas, cadeiras de conv\u00e9s e jogos para os mais pequenos, duas piscinas exteriores e a possibilidade de se perder nos nossos jardins. Durante os meses mais frios, as cabines t\u00eam lareiras, bem como a nossa sala de jogos e o Club House onde se encontram o nosso Restaurante e a Casa de Ch\u00e1.<\/p>\n<p style=\"text-align: justify;\">Passaram mais de 15 anos e a nossa fam\u00edlia cresceu para al\u00e9m da genealogia.<br \/>\nNossa equipe \u00e9 especializada em hospitalidade e se concentra nos detalhes para tornar nossa casa muito mais do que um hotel. Se voc\u00ea estiver planejando f\u00e9rias ou uma escapada, eventos ou reuni\u00f5es de neg\u00f3cios, seja um turista ou um morador local, estamos abertos o ano todo e convidamos voc\u00ea a nos conhecer.<\/p>\n<p>[\/vc_column_text][\/vc_column][\/vc_row][vc_row][vc_column][\/vc_column][\/vc_row][vc_row][vc_column][\/vc_column][\/vc_row]<\/p>\n<\/div>","protected":false},"excerpt":{"rendered":"<p>[vc_row][vc_column][\/vc_column][\/vc_row][vc_row][vc_column][vc_empty_space height=&#8221;50px&#8221;][\/vc_column][\/vc_row][vc_row][vc_column][vc_custom_heading text=&#8221;Quem somos n\u00f3s&#8221; font_container=&#8221;tag:h2|text_align:center|color:%23759981&#8243; use_theme_fonts=&#8221;yes&#8221;][vc_empty_space][\/vc_column][\/vc_row][vc_row full_width=&#8221;stretch_row&#8221; css=&#8221;.vc_custom_1531729276201{padding-bottom: 80px !important;}&#8221;][vc_column width=&#8221;1\/2&#8243; el_class=&#8221;texto-principal&#8221;][vc_empty_space height=&#8221;0px&#8221;][vc_column_text] Somos uma empresa familiar que come\u00e7ou em 2003. Giulio Rolandi, o fundador, adquire a terra com admira\u00e7\u00e3o pela sua natureza e vista para o mar. Em contraste com a tend\u00eancia do mercado de criar propriedades horizontais para venda, juntamente com os [&hellip;]<\/p>\n","protected":false},"author":1,"featured_media":0,"parent":0,"menu_order":0,"comment_status":"closed","ping_status":"closed","template":"","meta":{"_monsterinsights_skip_tracking":false,"_monsterinsights_sitenote_active":false,"_monsterinsights_sitenote_note":"","_monsterinsights_sitenote_category":0,"_joinchat":[],"footnotes":""},"class_list":["post-4125","page","type-page","status-publish","hentry"],"aioseo_notices":[],"_links":{"self":[{"href":"https:\/\/ilbelvedere.com\/pt-br\/wp-json\/wp\/v2\/pages\/4125","targetHints":{"allow":["GET"]}}],"collection":[{"href":"https:\/\/ilbelvedere.com\/pt-br\/wp-json\/wp\/v2\/pages"}],"about":[{"href":"https:\/\/ilbelvedere.com\/pt-br\/wp-json\/wp\/v2\/types\/page"}],"author":[{"embeddable":true,"href":"https:\/\/ilbelvedere.com\/pt-br\/wp-json\/wp\/v2\/users\/1"}],"replies":[{"embeddable":true,"href":"https:\/\/ilbelvedere.com\/pt-br\/wp-json\/wp\/v2\/comments?post=4125"}],"version-history":[{"count":26,"href":"https:\/\/ilbelvedere.com\/pt-br\/wp-json\/wp\/v2\/pages\/4125\/revisions"}],"predecessor-version":[{"id":8580,"href":"https:\/\/ilbelvedere.com\/pt-br\/wp-json\/wp\/v2\/pages\/4125\/revisions\/8580"}],"wp:attachment":[{"href":"https:\/\/ilbelvedere.com\/pt-br\/wp-json\/wp\/v2\/media?parent=4125"}],"curies":[{"name":"wp","href":"https:\/\/api.w.org\/{rel}","templated":true}]}}