{"id":4134,"date":"2022-06-22T16:09:10","date_gmt":"2022-06-22T19:09:10","guid":{"rendered":"https:\/\/ilbelvedere.com\/hotel2022\/sustentabilidade\/"},"modified":"2023-05-22T20:48:11","modified_gmt":"2023-05-22T23:48:11","slug":"sustentabilidade","status":"publish","type":"page","link":"https:\/\/ilbelvedere.com\/pt-br\/sustentabilidade\/","title":{"rendered":"Sustentabilidade"},"content":{"rendered":"<div class=\"wpb-content-wrapper\"><p>[vc_row][vc_column]\n\t\t\t<!-- START Slider Sustantibilidad REVOLUTION SLIDER 6.7.37 --><p class=\"rs-p-wp-fix\"><\/p>\n\t\t\t<rs-module-wrap id=\"hero_wrapper\" data-source=\"gallery\" style=\"visibility:hidden;background:transparent;padding:0;margin:0px auto;margin-top:0;margin-bottom:0;\">\n\t\t\t\t<rs-module id=\"hero\" style=\"\" data-version=\"6.7.37\">\n\t\t\t\t\t<rs-slides style=\"overflow: hidden; position: absolute;\">\n\t\t\t\t\t\t<rs-slide style=\"position: absolute;\" data-key=\"rs-34\" data-title=\"Slide\" data-thumb=\"\/\/ilbelvedere.com\/wp-content\/uploads\/2022\/07\/banner-sustentabilidad-1-100x50.jpg\" data-anim=\"adpr:false;\" data-in=\"o:0;\" data-out=\"a:false;\">\n\t\t\t\t\t\t\t<img decoding=\"async\" src=\"\/\/ilbelvedere.com\/wp-content\/plugins\/revslider\/sr6\/assets\/assets\/dummy.png\" alt=\"\" title=\"banner-sustentabilidad-1\" width=\"1920\" height=\"850\" class=\"rev-slidebg tp-rs-img rs-lazyload\" data-lazyload=\"\/\/ilbelvedere.com\/wp-content\/uploads\/2022\/07\/banner-sustentabilidad-1.jpg\" data-parallax=\"5\" data-no-retina>\n<!--\n\t\t\t\t\t\t\t--><rs-layer\n\t\t\t\t\t\t\t\tid=\"slider-27-slide-34-layer-1\" \n\t\t\t\t\t\t\t\tdata-type=\"text\"\n\t\t\t\t\t\t\t\tdata-rsp_ch=\"on\"\n\t\t\t\t\t\t\t\tdata-xy=\"x:c;xo:-5px,-5px,0,0;yo:320px,320px,320px,230px;\"\n\t\t\t\t\t\t\t\tdata-text=\"s:60,60,40,30;l:80,80,60,60;fw:900,900,700,700;a:inherit;\"\n\t\t\t\t\t\t\t\tdata-vbility=\"f,f,f,f\"\n\t\t\t\t\t\t\t\tdata-frame_0=\"y:-100%;o:1;\"\n\t\t\t\t\t\t\t\tdata-frame_0_mask=\"u:t;\"\n\t\t\t\t\t\t\t\tdata-frame_1=\"st:500;sp:1500;sR:500;\"\n\t\t\t\t\t\t\t\tdata-frame_1_mask=\"u:t;\"\n\t\t\t\t\t\t\t\tdata-frame_999=\"o:0;st:w;sR:7000;\"\n\t\t\t\t\t\t\t\tstyle=\"z-index:5;font-family:'Roboto';\"\n\t\t\t\t\t\t\t>SUSTENTABILIDAD \n\t\t\t\t\t\t\t<\/rs-layer><!--\n-->\t\t\t\t\t<\/rs-slide>\n\t\t\t\t\t\t<rs-slide style=\"position: absolute;\" data-key=\"rs-64\" data-title=\"Slide\" data-thumb=\"\/\/ilbelvedere.com\/wp-content\/uploads\/2025\/01\/Fotos_IlBelvedere_Febrero_2023-159-scaled-100x50.jpg\" data-anim=\"adpr:false;\" data-in=\"o:0;\" data-out=\"a:false;\">\n\t\t\t\t\t\t\t<img decoding=\"async\" src=\"\/\/ilbelvedere.com\/wp-content\/plugins\/revslider\/sr6\/assets\/assets\/dummy.png\" alt=\"huerta\" title=\"Fotos_IlBelvedere_Febrero_2023-159\" width=\"2560\" height=\"1707\" class=\"rev-slidebg tp-rs-img rs-lazyload\" data-lazyload=\"\/\/ilbelvedere.com\/wp-content\/uploads\/2025\/01\/Fotos_IlBelvedere_Febrero_2023-159-scaled.jpg\" data-parallax=\"5\" data-no-retina>\n<!--\n\t\t\t\t\t\t\t--><rs-layer\n\t\t\t\t\t\t\t\tid=\"slider-27-slide-64-layer-1\" \n\t\t\t\t\t\t\t\tdata-type=\"text\"\n\t\t\t\t\t\t\t\tdata-rsp_ch=\"on\"\n\t\t\t\t\t\t\t\tdata-xy=\"x:c;xo:-5px,-5px,0,0;yo:320px,320px,320px,230px;\"\n\t\t\t\t\t\t\t\tdata-text=\"s:60,60,40,30;l:80,80,60,60;fw:900,900,700,700;a:inherit;\"\n\t\t\t\t\t\t\t\tdata-vbility=\"f,f,f,f\"\n\t\t\t\t\t\t\t\tdata-frame_0=\"y:-100%;o:1;\"\n\t\t\t\t\t\t\t\tdata-frame_0_mask=\"u:t;\"\n\t\t\t\t\t\t\t\tdata-frame_1=\"st:500;sp:1500;sR:500;\"\n\t\t\t\t\t\t\t\tdata-frame_1_mask=\"u:t;\"\n\t\t\t\t\t\t\t\tdata-frame_999=\"o:0;st:w;sR:7000;\"\n\t\t\t\t\t\t\t\tstyle=\"z-index:5;font-family:'Roboto';\"\n\t\t\t\t\t\t\t>SUSTENTABILIDAD \n\t\t\t\t\t\t\t<\/rs-layer><!--\n-->\t\t\t\t\t<\/rs-slide>\n\t\t\t\t\t<\/rs-slides>\n\t\t\t\t<\/rs-module>\n\t\t\t\t<script>\n\t\t\t\t\tsetREVStartSize({c: 'hero',rl:[1240,1024,778,480],el:[800,768,960,485],gw:[1170,1024,778,480],gh:[800,768,960,485],type:'standard',justify:'',layout:'fullwidth',mh:\"0\"});if (window.RS_MODULES!==undefined && window.RS_MODULES.modules!==undefined && window.RS_MODULES.modules[\"hero\"]!==undefined) {window.RS_MODULES.modules[\"hero\"].once = false;window.revapi27 = undefined;if (window.RS_MODULES.checkMinimal!==undefined) window.RS_MODULES.checkMinimal()}\n\t\t\t\t<\/script>\n\t\t\t<\/rs-module-wrap>\n\t\t\t<!-- END REVOLUTION SLIDER -->\n[\/vc_column][\/vc_row][vc_row][vc_column][vc_empty_space height=&#8221;50px&#8221;][\/vc_column][\/vc_row][vc_row][vc_column][vc_custom_heading text=&#8221;Sustentabilidade&#8221; font_container=&#8221;tag:h2|text_align:center|color:%23759981&#8243; use_theme_fonts=&#8221;yes&#8221;][vc_empty_space][\/vc_column][\/vc_row][vc_row content_placement=&#8221;top&#8221;][vc_column width=&#8221;1\/2&#8243;][vc_empty_space height=&#8221;40px&#8221;][vc_single_image image=&#8221;5313&#8243; img_size=&#8221;full&#8221; style=&#8221;vc_box_shadow_3d&#8221; el_class=&#8221;foto-sust&#8221;][\/vc_column][vc_column width=&#8221;1\/2&#8243; css=&#8221;.vc_custom_1682888859097{padding-top: -20px !important;}&#8221;][vc_column_text el_class=&#8221;texto-sust&#8221;]<\/p>\n<p style=\"text-align: justify;\">Constru\u00edmos o nosso hotel por respeito e amor \u00e0 natureza, e trabalhamos todos os dias para ter um impacto positivo no ambiente que nos rodeia.<\/p>\n<p style=\"text-align: justify;\">Acreditamos que o verdadeiro luxo \u00e9 o luxo que respeita a natureza. Convidamo-lo a aprender mais sobre as nossas pr\u00e1ticas sustent\u00e1veis:<\/p>\n<p>[\/vc_column_text][\/vc_column][\/vc_row][vc_row][vc_column width=&#8221;1\/2&#8243; css=&#8221;.vc_custom_1682893227196{margin-right: -100px !important;border-right-width: -100px !important;}&#8221;][vc_column_text el_class=&#8221;texto-sust-izq&#8221; css=&#8221;.vc_custom_1684796890233{margin-right: -70px !important;}&#8221;]<\/p>\n<p style=\"text-align: justify;\">Utilizamos a energia do sol para aquecer a \u00e1gua e as cabines por meio de colectores solares.<\/p>\n<p style=\"text-align: justify;\">Temos uma horta onde cultivamos os greens para as nossas saladas e outras iguarias sazonais.<\/p>\n<p>As cabanas do nosso hotel foram constru\u00eddas sem cortar as \u00e1rvores que existiam antes de n\u00f3s, e para cada \u00e1rvore cortada, plantamos uma \u00e1rvore nativa.[\/vc_column_text][\/vc_column][vc_column width=&#8221;1\/2&#8243;][vc_empty_space height=&#8221;90px&#8221;][vc_single_image image=&#8221;5339&#8243; img_size=&#8221;full&#8221; style=&#8221;vc_box_shadow_3d&#8221;][\/vc_column][\/vc_row][vc_row][vc_column][vc_empty_space height=&#8221;0px&#8221;][\/vc_column][\/vc_row][vc_row][vc_column width=&#8221;1\/2&#8243;][vc_empty_space height=&#8221;50px&#8221;][vc_single_image image=&#8221;5345&#8243; img_size=&#8221;full&#8221; style=&#8221;vc_box_shadow_3d&#8221; el_class=&#8221;foto-sust foto-3-mobile&#8221;][\/vc_column][vc_column width=&#8221;1\/2&#8243;][vc_column_text el_class=&#8221;texto-sust-der&#8221;]<\/p>\n<p style=\"text-align: justify;\">Trabalhamos em parceria com produtores locais para manter um com\u00e9rcio justo, uma pegada de carbono baixa e, acima de tudo, a melhor qualidade de alimentos e bebidas.<\/p>\n<p style=\"text-align: justify;\">Estamos a implementar um programa de separa\u00e7\u00e3o de res\u00edduos recicl\u00e1veis, reciclagem de \u00f3leo e compostagem dos nossos res\u00edduos org\u00e2nicos.<\/p>\n<p>[\/vc_column_text][\/vc_column][\/vc_row][vc_row][vc_column][vc_empty_space height=&#8221;70px&#8221;][\/vc_column][\/vc_row][vc_row][vc_column][\/vc_column][\/vc_row][vc_row][vc_column][\/vc_column][\/vc_row]<\/p>\n<\/div>","protected":false},"excerpt":{"rendered":"<p>[vc_row][vc_column][\/vc_column][\/vc_row][vc_row][vc_column][vc_empty_space height=&#8221;50px&#8221;][\/vc_column][\/vc_row][vc_row][vc_column][vc_custom_heading text=&#8221;Sustentabilidade&#8221; font_container=&#8221;tag:h2|text_align:center|color:%23759981&#8243; use_theme_fonts=&#8221;yes&#8221;][vc_empty_space][\/vc_column][\/vc_row][vc_row content_placement=&#8221;top&#8221;][vc_column width=&#8221;1\/2&#8243;][vc_empty_space height=&#8221;40px&#8221;][vc_single_image image=&#8221;5313&#8243; img_size=&#8221;full&#8221; style=&#8221;vc_box_shadow_3d&#8221; el_class=&#8221;foto-sust&#8221;][\/vc_column][vc_column width=&#8221;1\/2&#8243; css=&#8221;.vc_custom_1682888859097{padding-top: -20px !important;}&#8221;][vc_column_text el_class=&#8221;texto-sust&#8221;] Constru\u00edmos o nosso hotel por respeito e amor \u00e0 natureza, e trabalhamos todos os dias para ter um impacto positivo no ambiente que nos rodeia. Acreditamos que o verdadeiro luxo \u00e9 o luxo que respeita a natureza. Convidamo-lo [&hellip;]<\/p>\n","protected":false},"author":1,"featured_media":0,"parent":0,"menu_order":0,"comment_status":"closed","ping_status":"closed","template":"","meta":{"_monsterinsights_skip_tracking":false,"_monsterinsights_sitenote_active":false,"_monsterinsights_sitenote_note":"","_monsterinsights_sitenote_category":0,"_joinchat":[],"footnotes":""},"class_list":["post-4134","page","type-page","status-publish","hentry"],"aioseo_notices":[],"_links":{"self":[{"href":"https:\/\/ilbelvedere.com\/pt-br\/wp-json\/wp\/v2\/pages\/4134","targetHints":{"allow":["GET"]}}],"collection":[{"href":"https:\/\/ilbelvedere.com\/pt-br\/wp-json\/wp\/v2\/pages"}],"about":[{"href":"https:\/\/ilbelvedere.com\/pt-br\/wp-json\/wp\/v2\/types\/page"}],"author":[{"embeddable":true,"href":"https:\/\/ilbelvedere.com\/pt-br\/wp-json\/wp\/v2\/users\/1"}],"replies":[{"embeddable":true,"href":"https:\/\/ilbelvedere.com\/pt-br\/wp-json\/wp\/v2\/comments?post=4134"}],"version-history":[{"count":35,"href":"https:\/\/ilbelvedere.com\/pt-br\/wp-json\/wp\/v2\/pages\/4134\/revisions"}],"predecessor-version":[{"id":6951,"href":"https:\/\/ilbelvedere.com\/pt-br\/wp-json\/wp\/v2\/pages\/4134\/revisions\/6951"}],"wp:attachment":[{"href":"https:\/\/ilbelvedere.com\/pt-br\/wp-json\/wp\/v2\/media?parent=4134"}],"curies":[{"name":"wp","href":"https:\/\/api.w.org\/{rel}","templated":true}]}}