{"id":4702,"date":"2022-07-27T16:28:24","date_gmt":"2022-07-27T19:28:24","guid":{"rendered":"https:\/\/ilbelvedere.com\/hotel2022\/regras-de-coexistencia\/"},"modified":"2026-04-03T15:48:30","modified_gmt":"2026-04-03T18:48:30","slug":"regras-de-coexistencia","status":"publish","type":"page","link":"https:\/\/ilbelvedere.com\/pt-br\/regras-de-coexistencia\/","title":{"rendered":"Regras de conviv\u00eancia"},"content":{"rendered":"<div class=\"wpb-content-wrapper\"><p>[vc_row][vc_column]\n\t\t\t<!-- START Slider Normas Convivencia REVOLUTION SLIDER 6.7.37 --><p class=\"rs-p-wp-fix\"><\/p>\n\t\t\t<rs-module-wrap id=\"hero_wrapper\" data-source=\"gallery\" style=\"visibility:hidden;background:transparent;padding:0;margin:0px auto;margin-top:0;margin-bottom:0;\">\n\t\t\t\t<rs-module id=\"hero\" style=\"\" data-version=\"6.7.37\">\n\t\t\t\t\t<rs-slides style=\"overflow: hidden; position: absolute;\">\n\t\t\t\t\t\t<rs-slide style=\"position: absolute;\" data-key=\"rs-56\" data-title=\"Slide\" data-anim=\"adpr:false;\" data-in=\"o:0;\" data-out=\"a:false;\">\n\t\t\t\t\t\t\t<img decoding=\"async\" src=\"\/\/ilbelvedere.com\/wp-content\/plugins\/revslider\/sr6\/assets\/assets\/dummy.png\" alt=\"\" title=\"banner-normas-convivencia-ok\" width=\"1920\" height=\"800\" class=\"rev-slidebg tp-rs-img rs-lazyload\" data-lazyload=\"\/\/ilbelvedere.com\/wp-content\/uploads\/2022\/09\/banner-normas-convivencia-ok.jpg\" data-parallax=\"5\" data-no-retina>\n<!--\n\t\t\t\t\t\t\t--><rs-layer\n\t\t\t\t\t\t\t\tid=\"slider-49-slide-56-layer-1\" \n\t\t\t\t\t\t\t\tdata-type=\"text\"\n\t\t\t\t\t\t\t\tdata-rsp_ch=\"on\"\n\t\t\t\t\t\t\t\tdata-xy=\"x:c;xo:-5px,-5px,0,0;yo:320px,320px,320px,230px;\"\n\t\t\t\t\t\t\t\tdata-text=\"s:60,60,40,30;l:80,80,60,60;fw:900,900,700,700;a:inherit;\"\n\t\t\t\t\t\t\t\tdata-vbility=\"f,f,f,f\"\n\t\t\t\t\t\t\t\tdata-frame_0=\"y:-100%;o:1;\"\n\t\t\t\t\t\t\t\tdata-frame_0_mask=\"u:t;\"\n\t\t\t\t\t\t\t\tdata-frame_1=\"st:500;sp:1500;sR:500;\"\n\t\t\t\t\t\t\t\tdata-frame_1_mask=\"u:t;\"\n\t\t\t\t\t\t\t\tdata-frame_999=\"o:0;st:w;sR:7000;\"\n\t\t\t\t\t\t\t\tstyle=\"z-index:5;font-family:'Roboto';\"\n\t\t\t\t\t\t\t>NORMAS DE CONVIVENCIA \n\t\t\t\t\t\t\t<\/rs-layer><!--\n-->\t\t\t\t\t<\/rs-slide>\n\t\t\t\t\t<\/rs-slides>\n\t\t\t\t<\/rs-module>\n\t\t\t\t<script>\n\t\t\t\t\tsetREVStartSize({c: 'hero',rl:[1240,1024,778,480],el:[800,768,960,485],gw:[1170,1024,778,900],gh:[800,768,960,485],type:'standard',justify:'',layout:'fullwidth',mh:\"0\"});if (window.RS_MODULES!==undefined && window.RS_MODULES.modules!==undefined && window.RS_MODULES.modules[\"hero\"]!==undefined) {window.RS_MODULES.modules[\"hero\"].once = false;window.revapi49 = undefined;if (window.RS_MODULES.checkMinimal!==undefined) window.RS_MODULES.checkMinimal()}\n\t\t\t\t<\/script>\n\t\t\t<\/rs-module-wrap>\n\t\t\t<!-- END REVOLUTION SLIDER -->\n[\/vc_column][\/vc_row][vc_row][vc_column][vc_empty_space height=&#8221;50px&#8221;][\/vc_column][\/vc_row][vc_row][vc_column][vc_custom_heading text=&#8221;Regras de conviv\u00eancia:&#8221; font_container=&#8221;tag:h4|text_align:left|color:%23759981&#8243; use_theme_fonts=&#8221;yes&#8221;][vc_empty_space height=&#8221;15px&#8221;][\/vc_column][\/vc_row][vc_row][vc_column][vc_column_text]<\/p>\n<p style=\"text-align: justify;\">Queremos que nossos h\u00f3spedes aproveitem sua estadia e recebam a melhor aten\u00e7\u00e3o.<\/p>\n<p style=\"text-align: justify;\">Para o bem-estar e o conforto de todos, elaboramos as seguintes regras de conviv\u00eancia.<\/p>\n<p style=\"text-align: justify;\">Uma c\u00f3pia dessas regras foi enviada durante a confirma\u00e7\u00e3o; no entanto, o fato de voc\u00ea ter confirmado sua reserva implica a aceita\u00e7\u00e3o dessas regras.<\/p>\n<p>Muito obrigado pela coopera\u00e7\u00e3o de voc\u00eas.[\/vc_column_text][\/vc_column][\/vc_row][vc_row][vc_column][vc_custom_heading text=&#8221;Capacidade m\u00e1xima de nossas cabines&#8221; font_container=&#8221;tag:h4|text_align:left|color:%23759981&#8243; use_theme_fonts=&#8221;yes&#8221;][vc_empty_space height=&#8221;15px&#8221;][\/vc_column][\/vc_row][vc_row][vc_column][vc_column_text]<\/p>\n<p style=\"text-align: justify;\">O Il Belvedere tem 20 unidades e suas capacidades m\u00e1ximas s\u00e3o:<\/p>\n<ul>\n<li>8 Bungalows: at\u00e9 2 adultos, 1 crian\u00e7a at\u00e9 12 anos e 1 beb\u00ea.<\/li>\n<li>2 Park Cabins: 4 adultos, 1 crian\u00e7a menor de 12 anos e 1 beb\u00ea.<\/li>\n<li>6 Cabanas na floresta: 4 adultos, 3 menores de 12 anos e 1 beb\u00ea.<\/li>\n<li>4 cabines de terra\u00e7o: 6 adultos, 2 crian\u00e7as menores de 12 anos e 1 beb\u00ea.<\/li>\n<li>Beb\u00ea: 0 a 24 meses no ber\u00e7o.<\/li>\n<\/ul>\n<p style=\"text-align: justify;\">O n\u00famero de pessoas acomodadas nunca poder\u00e1 exceder a capacidade m\u00e1xima listada acima. O n\u00famero e a idade dos h\u00f3spedes listados no seu voucher de confirma\u00e7\u00e3o n\u00e3o podem ser alterados sem aviso pr\u00e9vio e autoriza\u00e7\u00e3o do hotel. <\/p>\n<p style=\"text-align: justify;\">N\u00e3o \u00e9 permitida a perman\u00eancia nos quartos de h\u00f3spedes que n\u00e3o tenham sido devidamente registrados.<\/p>\n<p>[\/vc_column_text][\/vc_column][\/vc_row][vc_row][vc_column][vc_custom_heading text=&#8221;Convidados&#8221; font_container=&#8221;tag:h4|text_align:left|color:%23759981&#8243; use_theme_fonts=&#8221;yes&#8221;][vc_empty_space height=&#8221;15px&#8221;][\/vc_column][\/vc_row][vc_row][vc_column][vc_column_text]<\/p>\n<p style=\"text-align: justify;\">Voc\u00ea pode receber at\u00e9 2 h\u00f3spedes durante o dia, mas eles n\u00e3o podem permanecer nos quartos al\u00e9m das 24:00 hs. Seus convidados n\u00e3o t\u00eam permiss\u00e3o para usar os servi\u00e7os e as \u00e1reas comuns do hotel, exceto os servi\u00e7os de alimentos e bebidas. Em todos os casos, os h\u00f3spedes e seus ve\u00edculos devem fazer o check-in na recep\u00e7\u00e3o por motivos de seguran\u00e7a. Os ve\u00edculos n\u00e3o podem ocupar o estacionamento de outros h\u00f3spedes; verifique as vagas dispon\u00edveis na recep\u00e7\u00e3o.   <\/p>\n<p style=\"text-align: justify;\">No caso de voc\u00ea receber como convidados outros h\u00f3spedes j\u00e1 acomodados, o limite da reuni\u00e3o ser\u00e1 de 4 pessoas no caso dos bangal\u00f4s e de 8 pessoas no caso das cabanas.<\/p>\n<p>[\/vc_column_text][\/vc_column][\/vc_row][vc_row][vc_column][vc_custom_heading text=&#8221;Seguran\u00e7a&#8221; font_container=&#8221;tag:h4|text_align:left|color:%23759981&#8243; use_theme_fonts=&#8221;yes&#8221;][vc_empty_space height=&#8221;15px&#8221;][\/vc_column][\/vc_row][vc_row][vc_column][vc_column_text]<\/p>\n<p style=\"text-align: justify;\">O port\u00e3o de entrada deve permanecer fechado. Registre seu(s) ve\u00edculo(s) no check-in e anuncie-se sempre que voc\u00ea entrar. <\/p>\n<p style=\"text-align: justify;\">Se voc\u00ea estiver acompanhado de outro ve\u00edculo, informe a recep\u00e7\u00e3o.<\/p>\n<p>[\/vc_column_text][\/vc_column][\/vc_row][vc_row][vc_column][vc_custom_heading text=&#8221;Ambientes 100% livres de fuma\u00e7a&#8221; font_container=&#8221;tag:h4|text_align:left|color:%23759981&#8243; use_theme_fonts=&#8221;yes&#8221;][vc_empty_space height=&#8221;15px&#8221;][\/vc_column][\/vc_row][vc_row][vc_column][vc_column_text]<\/p>\n<p style=\"text-align: justify;\">Em conformidade com a lei 18256, n\u00e3o \u00e9 permitido fumar em espa\u00e7os fechados, \u00e1reas comuns ou quartos. Isso se aplica a todos os tipos de charutos, charutos eletr\u00f4nicos, cachimbos, vapers, etc. <\/p>\n<p>[\/vc_column_text][\/vc_column][\/vc_row][vc_row][vc_column][vc_custom_heading text=&#8221;Seu quarto&#8221; font_container=&#8221;tag:h4|text_align:left|color:%23759981&#8243; use_theme_fonts=&#8221;yes&#8221;][vc_empty_space height=&#8221;15px&#8221;][\/vc_column][\/vc_row][vc_row][vc_column][vc_column_text css=&#8221;&#8221;]<\/p>\n<p style=\"text-align: justify;\">N\u00e3o \u00e9 permitido adicionar equipamentos ou aparelhos aos quartos que n\u00e3o sejam fornecidos pelo hotel. A disposi\u00e7\u00e3o dos m\u00f3veis deve ser respeitada, n\u00e3o sendo poss\u00edvel mover camas ou colch\u00f5es. <\/p>\n<p>Nos bangal\u00f4s\/cabanas \u00e9 permitido consumir alimentos\/bebidas comprados fora do estabelecimento, mas n\u00e3o \u00e9 permitido usar \u00e1reas comuns ou restaurantes do hotel para consumir alimentos ou bebidas que n\u00e3o tenham sido comprados no hotel.[\/vc_column_text][\/vc_column][\/vc_row][vc_row][vc_column][vc_custom_heading text=&#8221;Animais de estima\u00e7\u00e3o&#8221; font_container=&#8221;tag:h4|text_align:left|color:%23759981&#8243; use_theme_fonts=&#8221;yes&#8221;][vc_empty_space height=&#8221;15px&#8221;][\/vc_column][\/vc_row][vc_row][vc_column][vc_column_text]<\/p>\n<p style=\"text-align: justify;\">N\u00e3o s\u00e3o permitidos animais de estima\u00e7\u00e3o.<\/p>\n<p>[\/vc_column_text][\/vc_column][\/vc_row][vc_row][vc_column][vc_custom_heading text=&#8221;Servi\u00e7o de limpeza&#8221; font_container=&#8221;tag:h4|text_align:left|color:%23759981&#8243; use_theme_fonts=&#8221;yes&#8221;][vc_empty_space height=&#8221;15px&#8221;][\/vc_column][\/vc_row][vc_row][vc_column][vc_column_text]<\/p>\n<p style=\"text-align: justify;\">O servi\u00e7o \u00e9 oferecido diariamente em hor\u00e1rios que podem ser combinados com anteced\u00eancia. O servi\u00e7o estar\u00e1 dispon\u00edvel at\u00e9 as 16:00 hs. Atr\u00e1s da porta, voc\u00ea encontrar\u00e1 cabides para colocar do lado de fora, indicando que voc\u00ea deseja o servi\u00e7o (verde) ou que n\u00e3o deseja entrar (vermelho). No entanto, por motivos de seguran\u00e7a, limpeza ou manuten\u00e7\u00e3o, o hotel pode tomar a decis\u00e3o de entrar na cabine. Se desejar, voc\u00ea pode solicitar que, em um determinado dia, o servi\u00e7o n\u00e3o seja realizado; no dia seguinte, n\u00e3o ser\u00e1 poss\u00edvel optar pela realiza\u00e7\u00e3o do servi\u00e7o.   <\/p>\n<p>[\/vc_column_text][\/vc_column][\/vc_row][vc_row][vc_column][vc_custom_heading text=&#8221;Descanso durante a noite&#8221; font_container=&#8221;tag:h4|text_align:left|color:%23759981&#8243; use_theme_fonts=&#8221;yes&#8221;][vc_empty_space height=&#8221;15px&#8221;][\/vc_column][\/vc_row][vc_row][vc_column][vc_column_text]<\/p>\n<p style=\"text-align: justify;\">Respeite o descanso de seus vizinhos, evitando vozes ou m\u00fasicas altas e reuni\u00f5es barulhentas. Ap\u00f3s as 23:00 hs, o sil\u00eancio deve ser absoluto. <\/p>\n<p style=\"text-align: justify;\">Seus filhos s\u00e3o bem-vindos, vivendo em harmonia com o restante dos h\u00f3spedes.<\/p>\n<p style=\"text-align: justify;\">Pedimos aos pais que estejam cientes das regras de seguran\u00e7a na sala de jogos, no gin\u00e1sio, nas bicicletas e nas piscinas.<\/p>\n<p style=\"text-align: justify;\">Evite brincadeiras e correrias no restaurante, escadas, elevador, etc. Evite barulho perto das cabines durante os hor\u00e1rios de descanso. As crian\u00e7as devem ser sempre supervisionadas por adultos, especialmente na \u00e1rea da piscina.  <\/p>\n<p>[\/vc_column_text][\/vc_column][\/vc_row][vc_row][vc_column][vc_custom_heading text=&#8221;Estacionamento&#8221; font_container=&#8221;tag:h4|text_align:left|color:%23759981&#8243; use_theme_fonts=&#8221;yes&#8221;][vc_empty_space height=&#8221;15px&#8221;][\/vc_column][\/vc_row][vc_row][vc_column][vc_column_text]<\/p>\n<p style=\"text-align: justify;\">Esse \u00e9 um servi\u00e7o oferecido pelo hotel gratuitamente. Ele \u00e9 atribu\u00eddo por cabine. Por favor, respeite o espa\u00e7o fornecido para o seu ve\u00edculo.  <\/p>\n<p style=\"text-align: justify;\">Os bangal\u00f4s t\u00eam estacionamento para 1 ve\u00edculo e as cabanas para 2 (um deles pode ficar no estacionamento da recep\u00e7\u00e3o).<\/p>\n<p>[\/vc_column_text][\/vc_column][\/vc_row][vc_row][vc_column][vc_custom_heading text=&#8221;Objetos valiosos e\/ou fr\u00e1geis&#8221; font_container=&#8221;tag:h4|text_align:left|color:%23759981&#8243; use_theme_fonts=&#8221;yes&#8221;][vc_empty_space height=&#8221;15px&#8221;][\/vc_column][\/vc_row][vc_row][vc_column][vc_column_text]<\/p>\n<p style=\"text-align: justify;\">Tenha cuidado com seus objetos de valor (telefones celulares, tablets, c\u00e2meras, laptops etc.), pois eles devem ser guardados antes do servi\u00e7o de limpeza. N\u00e3o nos responsabilizamos por voc\u00ea deixar cair, quebrar ou perder esses objetos durante o servi\u00e7o de limpeza. <\/p>\n<p>[\/vc_column_text][\/vc_column][\/vc_row][vc_row][vc_column][vc_custom_heading text=&#8221;Valores&#8221; font_container=&#8221;tag:h4|text_align:left|color:%23759981&#8243; use_theme_fonts=&#8221;yes&#8221;][vc_empty_space height=&#8221;15px&#8221;][\/vc_column][\/vc_row][vc_row][vc_column][vc_column_text css=&#8221;&#8221;]<\/p>\n<p style=\"text-align: justify;\">O hotel n\u00e3o se responsabiliza por perda, roubo ou furto de dinheiro, joias ou objetos de valor que n\u00e3o tenham sido declarados na recep\u00e7\u00e3o e que estejam no quarto.<\/p>\n<p style=\"text-align: justify;\">Se desejar, voc\u00ea pode solicitar que eles sejam guardados no cofre da recep\u00e7\u00e3o (sujeito \u00e0 aceita\u00e7\u00e3o pelo hotel).<\/p>\n<p>Ao detectar um item esquecido ap\u00f3s o check-out, o hotel far\u00e1 o poss\u00edvel para entrar em contato com o h\u00f3spede e coordenar\u00e1 sua recupera\u00e7\u00e3o \u00e0s custas do h\u00f3spede. Em todos os casos, o item ser\u00e1 mantido por 30 dias. Alimentos e produtos de consumo pessoal ser\u00e3o descartados ap\u00f3s o check-out.[\/vc_column_text][\/vc_column][\/vc_row][vc_row][vc_column][vc_custom_heading text=&#8221;Check-out, chaves&#8221; font_container=&#8221;tag:h4|text_align:left|color:%23759981&#8243; use_theme_fonts=&#8221;yes&#8221;][vc_empty_space height=&#8221;15px&#8221;][\/vc_column][\/vc_row][vc_row][vc_column][vc_column_text css=&#8221;&#8221;]<\/p>\n<p style=\"text-align: justify;\">Voc\u00ea receber\u00e1 at\u00e9 2 chaves no check-in, as quais solicitamos que sejam devolvidas no check-out.<\/p>\n<p style=\"text-align: justify;\">Os dados da garantia ser\u00e3o exclu\u00eddos de nossos registros ap\u00f3s o check-out, ap\u00f3s a verifica\u00e7\u00e3o do chal\u00e9 e o recebimento das chaves.<\/p>\n<p>[\/vc_column_text][\/vc_column][\/vc_row][vc_row][vc_column][vc_custom_heading text=&#8221;Contrato de acomoda\u00e7\u00e3o&#8221; font_container=&#8221;tag:h4|text_align:left|color:%23759981&#8243; use_theme_fonts=&#8221;yes&#8221;][vc_empty_space height=&#8221;15px&#8221;][\/vc_column][\/vc_row][vc_row][vc_column][vc_column_text]<\/p>\n<p style=\"text-align: justify;\">Esse contrato poder\u00e1 ser automaticamente rescindido se qualquer uma das regras acima mencionadas n\u00e3o for cumprida, mas isso n\u00e3o isenta o h\u00f3spede do pagamento acordado ou do reembolso da acomoda\u00e7\u00e3o ou de encargos extras (Lei 14.106, Art. 307, Literal E).<\/p>\n<p style=\"text-align: justify;\">O hotel pode alterar suas regras sem aviso pr\u00e9vio, portanto, verifique periodicamente se h\u00e1 altera\u00e7\u00f5es.<\/p>\n<p>Muito obrigado por confiar em n\u00f3s.[\/vc_column_text][\/vc_column][\/vc_row][vc_row][vc_column][vc_empty_space height=&#8221;50px&#8221;][\/vc_column][\/vc_row]<\/p>\n<\/div>","protected":false},"excerpt":{"rendered":"<p>[vc_row][vc_column][\/vc_column][\/vc_row][vc_row][vc_column][vc_empty_space height=&#8221;50px&#8221;][\/vc_column][\/vc_row][vc_row][vc_column][vc_custom_heading text=&#8221;Regras de conviv\u00eancia:&#8221; font_container=&#8221;tag:h4|text_align:left|color:%23759981&#8243; use_theme_fonts=&#8221;yes&#8221;][vc_empty_space height=&#8221;15px&#8221;][\/vc_column][\/vc_row][vc_row][vc_column][vc_column_text] Queremos que nossos h\u00f3spedes aproveitem sua estadia e recebam a melhor aten\u00e7\u00e3o. Para o bem-estar e o conforto de todos, elaboramos as seguintes regras de conviv\u00eancia. Uma c\u00f3pia dessas regras foi enviada durante a confirma\u00e7\u00e3o; no entanto, o fato de voc\u00ea ter confirmado sua reserva implica a [&hellip;]<\/p>\n","protected":false},"author":1,"featured_media":0,"parent":0,"menu_order":0,"comment_status":"closed","ping_status":"closed","template":"","meta":{"_monsterinsights_skip_tracking":false,"_monsterinsights_sitenote_active":false,"_monsterinsights_sitenote_note":"","_monsterinsights_sitenote_category":0,"_joinchat":[],"footnotes":""},"class_list":["post-4702","page","type-page","status-publish","hentry"],"aioseo_notices":[],"_links":{"self":[{"href":"https:\/\/ilbelvedere.com\/pt-br\/wp-json\/wp\/v2\/pages\/4702","targetHints":{"allow":["GET"]}}],"collection":[{"href":"https:\/\/ilbelvedere.com\/pt-br\/wp-json\/wp\/v2\/pages"}],"about":[{"href":"https:\/\/ilbelvedere.com\/pt-br\/wp-json\/wp\/v2\/types\/page"}],"author":[{"embeddable":true,"href":"https:\/\/ilbelvedere.com\/pt-br\/wp-json\/wp\/v2\/users\/1"}],"replies":[{"embeddable":true,"href":"https:\/\/ilbelvedere.com\/pt-br\/wp-json\/wp\/v2\/comments?post=4702"}],"version-history":[{"count":39,"href":"https:\/\/ilbelvedere.com\/pt-br\/wp-json\/wp\/v2\/pages\/4702\/revisions"}],"predecessor-version":[{"id":8695,"href":"https:\/\/ilbelvedere.com\/pt-br\/wp-json\/wp\/v2\/pages\/4702\/revisions\/8695"}],"wp:attachment":[{"href":"https:\/\/ilbelvedere.com\/pt-br\/wp-json\/wp\/v2\/media?parent=4702"}],"curies":[{"name":"wp","href":"https:\/\/api.w.org\/{rel}","templated":true}]}}