{"id":5504,"date":"2022-08-16T09:15:58","date_gmt":"2022-08-16T12:15:58","guid":{"rendered":"https:\/\/ilbelvedere.com\/hotel2022\/clube-das-criancas\/"},"modified":"2025-09-19T09:33:18","modified_gmt":"2025-09-19T12:33:18","slug":"clube-das-criancas","status":"publish","type":"page","link":"https:\/\/ilbelvedere.com\/pt-br\/clube-das-criancas\/","title":{"rendered":"Clube de crian\u00e7as"},"content":{"rendered":"<div class=\"wpb-content-wrapper\"><p>[vc_row][vc_column]\n\t\t\t<!-- START Kids Club REVOLUTION SLIDER 6.7.37 --><p class=\"rs-p-wp-fix\"><\/p>\n\t\t\t<rs-module-wrap id=\"hero_wrapper\" data-source=\"gallery\" style=\"visibility:hidden;background:transparent;padding:0;margin:0px auto;margin-top:0;margin-bottom:0;\">\n\t\t\t\t<rs-module id=\"hero\" style=\"\" data-version=\"6.7.37\">\n\t\t\t\t\t<rs-slides style=\"overflow: hidden; position: absolute;\">\n\t\t\t\t\t\t<rs-slide style=\"position: absolute;\" data-key=\"rs-81\" data-title=\"Slide\" data-thumb=\"\/\/ilbelvedere.com\/wp-content\/uploads\/2025\/09\/Fotos_IlBlevedere_Nov2024-449-scaled-e1758285085597-100x50.jpg\" data-anim=\"adpr:false;\" data-in=\"o:0;\" data-out=\"a:false;\">\n\t\t\t\t\t\t\t<img decoding=\"async\" src=\"\/\/ilbelvedere.com\/wp-content\/plugins\/revslider\/sr6\/assets\/assets\/dummy.png\" alt=\"\" title=\"Fotos_IlBlevedere_Nov2024-449\" width=\"1707\" height=\"1135\" class=\"rev-slidebg tp-rs-img rs-lazyload\" data-lazyload=\"\/\/ilbelvedere.com\/wp-content\/uploads\/2025\/09\/Fotos_IlBlevedere_Nov2024-449-scaled-e1758285085597.jpg\" data-parallax=\"5\" data-no-retina>\n<!---->\t\t\t\t\t<\/rs-slide>\n\t\t\t\t\t\t<rs-slide style=\"position: absolute;\" data-key=\"rs-82\" data-title=\"Slide\" data-thumb=\"\/\/ilbelvedere.com\/wp-content\/uploads\/2023\/02\/Fotos_IlBelvedere_Amenities_Sept2022-267-scaled-100x50.jpg\" data-anim=\"adpr:false;\" data-in=\"o:0;\" data-out=\"a:false;\">\n\t\t\t\t\t\t\t<img decoding=\"async\" src=\"\/\/ilbelvedere.com\/wp-content\/plugins\/revslider\/sr6\/assets\/assets\/dummy.png\" alt=\"\" title=\"Fotos_IlBelvedere_Amenities_Sept2022-267\" width=\"2560\" height=\"1707\" class=\"rev-slidebg tp-rs-img rs-lazyload\" data-lazyload=\"\/\/ilbelvedere.com\/wp-content\/uploads\/2023\/02\/Fotos_IlBelvedere_Amenities_Sept2022-267-scaled.jpg\" data-parallax=\"5\" data-no-retina>\n<!---->\t\t\t\t\t<\/rs-slide>\n\t\t\t\t\t\t<rs-slide style=\"position: absolute;\" data-key=\"rs-83\" data-title=\"Slide\" data-thumb=\"\/\/ilbelvedere.com\/wp-content\/uploads\/2023\/02\/Fotos_IlBelvedere_Amenities_Sept2022-128-scaled-100x50.jpg\" data-anim=\"adpr:false;\" data-in=\"o:0;\" data-out=\"a:false;\">\n\t\t\t\t\t\t\t<img decoding=\"async\" src=\"\/\/ilbelvedere.com\/wp-content\/plugins\/revslider\/sr6\/assets\/assets\/dummy.png\" alt=\"\" title=\"Juegos infantiles\" width=\"2560\" height=\"1707\" class=\"rev-slidebg tp-rs-img rs-lazyload\" data-lazyload=\"\/\/ilbelvedere.com\/wp-content\/uploads\/2023\/02\/Fotos_IlBelvedere_Amenities_Sept2022-128-scaled.jpg\" data-parallax=\"5\" data-no-retina>\n<!---->\t\t\t\t\t<\/rs-slide>\n\t\t\t\t\t<\/rs-slides>\n\t\t\t\t\t<rs-static-layers class=\"rs-stl-visible\"><!--\n\t\t\t\t\t--><\/rs-static-layers>\n\t\t\t\t<\/rs-module>\n\t\t\t\t<script>\n\t\t\t\t\tsetREVStartSize({c: 'hero',rl:[1240,1024,778,480],el:[800,768,960,720],gw:[1170,1024,778,480],gh:[800,768,960,720],type:'standard',justify:'',layout:'fullwidth',mh:\"0\"});if (window.RS_MODULES!==undefined && window.RS_MODULES.modules!==undefined && window.RS_MODULES.modules[\"hero\"]!==undefined) {window.RS_MODULES.modules[\"hero\"].once = false;window.revapi57 = undefined;if (window.RS_MODULES.checkMinimal!==undefined) window.RS_MODULES.checkMinimal()}\n\t\t\t\t<\/script>\n\t\t\t<\/rs-module-wrap>\n\t\t\t<!-- END REVOLUTION SLIDER -->\n[\/vc_column][\/vc_row][vc_row][vc_column][vc_empty_space height=&#8221;30px&#8221;][\/vc_column][\/vc_row][vc_row][vc_column][vc_custom_heading text=&#8221;Clube de crian\u00e7as&#8221; font_container=&#8221;tag:h2|text_align:center|color:%23759981&#8243; use_theme_fonts=&#8221;yes&#8221;][vc_empty_space][\/vc_column][\/vc_row][vc_row el_class=&#8221;bloque-kids-mobile&#8221;][vc_column width=&#8221;1\/2&#8243;][vc_empty_space height=&#8221;30px&#8221;][vc_single_image image=&#8221;6013&#8243; img_size=&#8221;full&#8221; style=&#8221;vc_box_shadow_3d&#8221; el_class=&#8221;foto-sust&#8221;][\/vc_column][vc_column width=&#8221;1\/2&#8243;][vc_column_text el_class=&#8221;texto-sust-der&#8221;]<\/p>\n<p style=\"text-align: justify;\">Os tempos divertidos s\u00e3o garantidos com a vasta gama de actividades em oferta no nosso Kids Club.<\/p>\n<p style=\"text-align: justify;\">Tardes de jogos de praia, sandboard, ca\u00e7a ao tesouro, karaoke, artesanato, porcelana fria, cozinha, piqueniques, dan\u00e7a de fantasia, tardes de cinema e muito mais. E tamb\u00e9m no Ver\u00e3o: jogos aqu\u00e1ticos, jogos de praia, dormidas, jogos nocturnos na floresta, fogueiras, jantar com amigos, etc.<\/p>\n<p>[\/vc_column_text][\/vc_column][\/vc_row][vc_row][vc_column][vc_empty_space height=&#8221;30px&#8221;][\/vc_column][\/vc_row][vc_row][vc_column width=&#8221;1\/2&#8243;][vc_column_text css=&#8221;.vc_custom_1684797924091{margin-right: -80px !important;border-right-width: -0px !important;}&#8221; el_class=&#8221;texto-sust-izq&#8221;]<\/p>\n<p style=\"text-align: justify;\">O hotel tamb\u00e9m tem redes e um trampolim, bicicletas para passeios, jogos de mesa, uma sala de jogos, um campo de futebol e de voleibol.<\/p>\n<p style=\"text-align: justify;\">As nossas crian\u00e7as e as suas actividades s\u00e3o coordenadas por recreacionistas, para crian\u00e7as com mais de 4 anos de idade. Para crian\u00e7as menores de 4 anos, temos um canto infantil sob a supervis\u00e3o de um adulto.<\/p>\n<p style=\"text-align: justify;\">Na \u00e9poca baixa, o Kids Club funciona aos fins-de-semana.<\/p>\n<p>[\/vc_column_text][\/vc_column][vc_column width=&#8221;1\/2&#8243;][vc_empty_space height=&#8221;30px&#8221;][vc_single_image image=&#8221;6010&#8243; img_size=&#8221;full&#8221; style=&#8221;vc_box_shadow_3d&#8221; el_class=&#8221;foto-sust&#8221;][\/vc_column][\/vc_row][vc_row][vc_column][vc_empty_space height=&#8221;70px&#8221;][\/vc_column][\/vc_row][vc_row][vc_column][\/vc_column][\/vc_row][vc_row][vc_column][\/vc_column][\/vc_row]<\/p>\n<\/div>","protected":false},"excerpt":{"rendered":"<p>[vc_row][vc_column][\/vc_column][\/vc_row][vc_row][vc_column][vc_empty_space height=&#8221;30px&#8221;][\/vc_column][\/vc_row][vc_row][vc_column][vc_custom_heading text=&#8221;Clube de crian\u00e7as&#8221; font_container=&#8221;tag:h2|text_align:center|color:%23759981&#8243; use_theme_fonts=&#8221;yes&#8221;][vc_empty_space][\/vc_column][\/vc_row][vc_row el_class=&#8221;bloque-kids-mobile&#8221;][vc_column width=&#8221;1\/2&#8243;][vc_empty_space height=&#8221;30px&#8221;][vc_single_image image=&#8221;6013&#8243; img_size=&#8221;full&#8221; style=&#8221;vc_box_shadow_3d&#8221; el_class=&#8221;foto-sust&#8221;][\/vc_column][vc_column width=&#8221;1\/2&#8243;][vc_column_text el_class=&#8221;texto-sust-der&#8221;] Os tempos divertidos s\u00e3o garantidos com a vasta gama de actividades em oferta no nosso Kids Club. Tardes de jogos de praia, sandboard, ca\u00e7a ao tesouro, karaoke, artesanato, porcelana fria, cozinha, piqueniques, dan\u00e7a de fantasia, tardes de cinema e [&hellip;]<\/p>\n","protected":false},"author":1,"featured_media":0,"parent":0,"menu_order":0,"comment_status":"closed","ping_status":"closed","template":"","meta":{"_monsterinsights_skip_tracking":false,"_monsterinsights_sitenote_active":false,"_monsterinsights_sitenote_note":"","_monsterinsights_sitenote_category":0,"_joinchat":[],"footnotes":""},"class_list":["post-5504","page","type-page","status-publish","hentry"],"aioseo_notices":[],"_links":{"self":[{"href":"https:\/\/ilbelvedere.com\/pt-br\/wp-json\/wp\/v2\/pages\/5504","targetHints":{"allow":["GET"]}}],"collection":[{"href":"https:\/\/ilbelvedere.com\/pt-br\/wp-json\/wp\/v2\/pages"}],"about":[{"href":"https:\/\/ilbelvedere.com\/pt-br\/wp-json\/wp\/v2\/types\/page"}],"author":[{"embeddable":true,"href":"https:\/\/ilbelvedere.com\/pt-br\/wp-json\/wp\/v2\/users\/1"}],"replies":[{"embeddable":true,"href":"https:\/\/ilbelvedere.com\/pt-br\/wp-json\/wp\/v2\/comments?post=5504"}],"version-history":[{"count":102,"href":"https:\/\/ilbelvedere.com\/pt-br\/wp-json\/wp\/v2\/pages\/5504\/revisions"}],"predecessor-version":[{"id":8500,"href":"https:\/\/ilbelvedere.com\/pt-br\/wp-json\/wp\/v2\/pages\/5504\/revisions\/8500"}],"wp:attachment":[{"href":"https:\/\/ilbelvedere.com\/pt-br\/wp-json\/wp\/v2\/media?parent=5504"}],"curies":[{"name":"wp","href":"https:\/\/api.w.org\/{rel}","templated":true}]}}